{"id":3331,"date":"2023-01-25T14:35:43","date_gmt":"2023-01-25T14:35:43","guid":{"rendered":"https:\/\/www.coffeebrun.promoalarmas.com\/?post_type=product&#038;p=3331"},"modified":"2023-01-25T14:40:34","modified_gmt":"2023-01-25T14:40:34","slug":"coffee-brun-arabica-ecologico-20-capsulas","status":"publish","type":"product","link":"https:\/\/www.coffeebrun.promoalarmas.com\/de\/product\/coffee-brun-arabica-ecologico-20-capsulas\/","title":{"rendered":"Bio-Kaffee Brun ARABICA 20 Kapseln"},"content":{"rendered":"<p><strong>PRODUKT:\u00a0<\/strong><\/p>\n<p>Das Produkt enth\u00e4lt 20 Kapseln 100% Bio-Kaffee mit Vertr\u00e4glichkeit f\u00fcr <strong>Nespresso\u00ae-Kaffeemaschinen<\/strong><\/p>\n<p>&nbsp;<\/p>\n<p><strong>KOMPOSITION:\u00a0<\/strong><\/p>\n<p>100% <strong>Bio-Kaffee<\/strong> gemahlener Naturbraten. Intensit\u00e4t 10.<\/p>\n<p>&nbsp;<\/p>\n<p><strong>VERPACKUNGSMATERIAL:\u00a0<\/strong><\/p>\n<p>Kapsel aus biologisch abbaubarem und kompostierbarem Material.<\/p>\n<p>&nbsp;<\/p>\n<p><strong>PR\u00c4SENTATION:<\/strong><\/p>\n<p>Das Produkt ist in einem Karton verpackt, der enth\u00e4lt <strong>20 Kapseln<\/strong> von <strong>5,5 gr<\/strong>. des Nettoprodukts.<\/p>\n<p>&nbsp;<\/p>\n<p><strong>\u00a0ALLERGENE:<\/strong><\/p>\n<p>Es hat nicht.<\/p>\n<p>&nbsp;<\/p>\n<p><strong>GMO:<\/strong><\/p>\n<p>Bei der Herstellung und Verpackung des Produkts werden keine gentechnisch ver\u00e4nderten Inhaltsstoffe verwendet. GVO-frei.<\/p>","protected":false},"excerpt":{"rendered":"<p>Das Produkt enth\u00e4lt 20 Kapseln 100% <strong>Bio-Kaffee <\/strong>\u00a0mit Kompatibilit\u00e4t f\u00fcr <strong>Nespresso\u00ae Kaffeemaschinen \u2013 <\/strong>Intensit\u00e4t 10<\/p>","protected":false},"featured_media":3334,"template":"","meta":[],"product_cat":[202,201,203,200],"product_tag":[196,197,198,204,195],"_links":{"self":[{"href":"https:\/\/www.coffeebrun.promoalarmas.com\/de\/wp-json\/wp\/v2\/product\/3331"}],"collection":[{"href":"https:\/\/www.coffeebrun.promoalarmas.com\/de\/wp-json\/wp\/v2\/product"}],"about":[{"href":"https:\/\/www.coffeebrun.promoalarmas.com\/de\/wp-json\/wp\/v2\/types\/product"}],"wp:featuredmedia":[{"embeddable":true,"href":"https:\/\/www.coffeebrun.promoalarmas.com\/de\/wp-json\/wp\/v2\/media\/3334"}],"wp:attachment":[{"href":"https:\/\/www.coffeebrun.promoalarmas.com\/de\/wp-json\/wp\/v2\/media?parent=3331"}],"wp:term":[{"taxonomy":"product_cat","embeddable":true,"href":"https:\/\/www.coffeebrun.promoalarmas.com\/de\/wp-json\/wp\/v2\/product_cat?post=3331"},{"taxonomy":"product_tag","embeddable":true,"href":"https:\/\/www.coffeebrun.promoalarmas.com\/de\/wp-json\/wp\/v2\/product_tag?post=3331"}],"curies":[{"name":"wp","href":"https:\/\/api.w.org\/{rel}","templated":true}]}}