{"id":3098,"date":"2022-02-19T11:27:38","date_gmt":"2022-02-19T11:27:38","guid":{"rendered":"https:\/\/www.coffeebrun.promoalarmas.com\/?post_type=product&#038;p=3098"},"modified":"2022-04-02T17:55:03","modified_gmt":"2022-04-02T17:55:03","slug":"coffee-brun-lavazza-espresso-point-100-capsulas","status":"publish","type":"product","link":"https:\/\/www.coffeebrun.promoalarmas.com\/de\/product\/coffee-brun-lavazza-espresso-point-100-capsulas\/","title":{"rendered":"Coffee Brun Lavazza Espresso Point 100 Kapseln"},"content":{"rendered":"<p>Coffee Brun Lavazza Espresso Point von 100 Kapseln, repr\u00e4sentiert das typische neapolitanische Aroma. Bestehend aus einem 100% Arabica-Kaffee f\u00fcr einen s\u00fc\u00dfen Geschmack in einem intensiven K\u00f6rper. Eine Kaffeemischung speziell f\u00fcr Espressoliebhaber.<\/p>\n<p>Die klassische Mischung aus Kaffeekapseln stammt aus der richtigen Kombination von afrikanischem und indischem Kaffee, die die S\u00fc\u00dfe des besten brasilianischen Arabicas ausbalanciert und hervorhebt. Mittlere R\u00f6stung, vollmundig, aber zart, goldene Creme auf der Oberfl\u00e4che, mit angenehm s\u00fc\u00dfem Nachgeschmack.<\/p>\n<p><strong>Eigenschaften:<\/strong><\/p>\n<p>Beim FAP-Kapselsystem wird unser Kaffee gemahlen, dosiert und in eine spezielle PVC-H\u00fclle mit perforiertem Boden gef\u00fcllt, die eine Lage Filterpapier und dar\u00fcber eine Zellulosefolie enth\u00e4lt.<\/p>\n<p>Kompatibel mit den g\u00e4ngigsten Expresso-Kapselmaschinen.<\/p>\n<p>Einzeldosis-PVC-Kapsel (H\u00f6he: 2 cm. \u2013 Oberseite: 3,9 cm. \u2013 Unterseite: 3,5 cm) | Nettogewicht: 7,5 gr. | Verpackt in gesch\u00fctzter Atmosph\u00e4re mit dreifacher Aluminiumschicht | Verfallsdatum: 2 Jahre ab Herstellungsdatum.<\/p>\n<p>1 Schachtel mit <strong>100 Kapseln<\/strong> Kompatibel mit Lavazza Espresso Point.<\/p>","protected":false},"excerpt":{"rendered":"<p>Coffee Brun Lavazza Espresso Point von 100 Kapseln, repr\u00e4sentiert das typische neapolitanische Aroma. Bestehend aus einem 100% Arabica-Kaffee<\/p>","protected":false},"featured_media":3099,"template":"","meta":[],"product_cat":[209,210,206,208,205,207],"product_tag":[212,213,211,214],"_links":{"self":[{"href":"https:\/\/www.coffeebrun.promoalarmas.com\/de\/wp-json\/wp\/v2\/product\/3098"}],"collection":[{"href":"https:\/\/www.coffeebrun.promoalarmas.com\/de\/wp-json\/wp\/v2\/product"}],"about":[{"href":"https:\/\/www.coffeebrun.promoalarmas.com\/de\/wp-json\/wp\/v2\/types\/product"}],"wp:featuredmedia":[{"embeddable":true,"href":"https:\/\/www.coffeebrun.promoalarmas.com\/de\/wp-json\/wp\/v2\/media\/3099"}],"wp:attachment":[{"href":"https:\/\/www.coffeebrun.promoalarmas.com\/de\/wp-json\/wp\/v2\/media?parent=3098"}],"wp:term":[{"taxonomy":"product_cat","embeddable":true,"href":"https:\/\/www.coffeebrun.promoalarmas.com\/de\/wp-json\/wp\/v2\/product_cat?post=3098"},{"taxonomy":"product_tag","embeddable":true,"href":"https:\/\/www.coffeebrun.promoalarmas.com\/de\/wp-json\/wp\/v2\/product_tag?post=3098"}],"curies":[{"name":"wp","href":"https:\/\/api.w.org\/{rel}","templated":true}]}}