{"id":2258,"date":"2017-09-16T20:59:55","date_gmt":"2017-09-16T20:59:55","guid":{"rendered":"https:\/\/www.coffeebrun.promoalarmas.com\/?page_id=2258"},"modified":"2023-01-17T15:47:24","modified_gmt":"2023-01-17T15:47:24","slug":"nosotros","status":"publish","type":"page","link":"https:\/\/www.coffeebrun.promoalarmas.com\/ca\/nosotros\/","title":{"rendered":"Nosaltres"},"content":{"rendered":"<section data-vc-full-width=\"true\" data-vc-full-width-init=\"false\" class=\"vc_section\"><div class=\"vc_row wpb_row vc_row-fluid\"><div class=\"wpb_column vc_column_container vc_col-sm-6\"><div class=\"vc_column-inner\"><div class=\"wpb_wrapper\"><div class=\"vc_empty_space\"   style=\"height: 32px\"><span class=\"vc_empty_space_inner\"><\/span><\/div><div class=\"heading  head-subheader align-left color-black subcolor-main transform-default\" id=\"like_sc_header_142345089\"><h5 class=\"subheader\">Coffee Brun<\/h5><h2 class=\"header\">La nostra filosofia<\/h2><\/div>\n\t<div class=\"wpb_text_column wpb_content_element\" >\n\t\t<div class=\"wpb_wrapper\">\n\t\t\t<p style=\"text-align: left;\"><span class=\"text-large\">El nostre objectiu \u00e9s oferir un producte d\u00b4alta qualitat a un preu competitiu sense deixar de banda el nostre respecte pel medi ambient. Els nostres productes s\u00f3n ecol\u00f2gics 100% i les c\u00e0psules s\u00f3n biodegradables i compostables. El caf\u00e8 que utilitzem no fa servir cap ingredient gen\u00e8ticament modificat i es pot conservar en un lloc fresc i ben tancat durant 18 mesos aproximadament.\u00a0\u00a0<\/span><\/p>\n\n\t\t<\/div>\n\t<\/div>\n<div class=\"vc_empty_space\"   style=\"height: 32px\"><span class=\"vc_empty_space_inner\"><\/span><\/div><div class=\"btn-wrap align-left btn-wrap-inline\"><a href=\"https:\/\/www.coffeebrun.promoalarmas.com\/ca\/productos\/\"  class=\"btn  btn-default transform-default color-text-white color-hover-default align-left\" id=\"like_sc_button_272661071\">PRODUCTES<\/a><\/div><div class=\"btn-wrap align-left btn-wrap-inline\"><a href=\"https:\/\/www.coffeebrun.promoalarmas.com\/ca\/contacto\/\"  class=\"btn  btn-black-filled transform-default color-text-white color-hover-default align-left\" id=\"like_sc_button_1199669882\">CONTACTAR<\/a><\/div><\/div><\/div><\/div><div class=\"wpb_column vc_column_container vc_col-sm-6\"><div class=\"vc_column-inner\"><div class=\"wpb_wrapper\"><div class=\"vc_empty_space\"   style=\"height: 100px\"><span class=\"vc_empty_space_inner\"><\/span><\/div><a href=\"\" class=\"image-header\" ><div class=\"photo\"><img src=\"https:\/\/www.coffeebrun.promoalarmas.com\/wp-content\/uploads\/2017\/09\/coffee_video.png\" class=\"image\" alt=\"\"><\/div><h4 class=\"header\">  <\/h4> <\/a><\/div><\/div><\/div><\/div><div class=\"vc_row wpb_row vc_row-fluid\"><div class=\"wpb_column vc_column_container vc_col-sm-12\"><div class=\"vc_column-inner\"><div class=\"wpb_wrapper\"><div class=\"vc_empty_space\"   style=\"height: 64px\"><span class=\"vc_empty_space_inner\"><\/span><\/div><\/div><\/div><\/div><\/div><\/section><div class=\"vc_row-full-width vc_clearfix\"><\/div><section data-vc-full-width=\"true\" data-vc-full-width-init=\"false\" class=\"vc_section\"><div class=\"vc_row wpb_row vc_row-fluid\"><div class=\"wpb_column vc_column_container vc_col-sm-12\"><div class=\"vc_column-inner\"><div class=\"wpb_wrapper\"><ul class=\"block-icon  icon-top align-left i-transparent layout-cols4 row\" ><li class=\"col-lg-3 col-md-4 col-sm-6 col-ms-6 col-xs-12 matchHeight icon-image\"><span class=\"icon-image bg-transparent\"><img src=\"https:\/\/www.coffeebrun.promoalarmas.com\/wp-content\/uploads\/2017\/09\/about-icon-1.png\" class=\"icon-image\" alt=\"Distintas gamas de caf\u00e9\"><\/span> <h4> Diferents gammes de caf\u00e8 <\/h4> <div class=\"descr\">Disposem de caf\u00e8s de diferents or\u00edgens i aromes.<\/div><\/li><li class=\"col-lg-3 col-md-4 col-sm-6 col-ms-6 col-xs-12 matchHeight icon-image\"><span class=\"icon-image bg-transparent\"><img src=\"https:\/\/www.coffeebrun.promoalarmas.com\/wp-content\/uploads\/2017\/09\/about-icon-2.png\" class=\"icon-image\" alt=\"Para hogares y profesionales\"><\/span> <h4> Per a llars i professionals <\/h4> <div class=\"descr\">Realitzem venda de c\u00e0psules per a restauraci\u00f3 i m\u00e0quines dom\u00e8stiques.<\/div><\/li><li class=\"col-lg-3 col-md-4 col-sm-6 col-ms-6 col-xs-12 matchHeight icon-image\"><span class=\"icon-image bg-transparent\"><img src=\"https:\/\/www.coffeebrun.promoalarmas.com\/wp-content\/uploads\/2017\/09\/about-icon-3.png\" class=\"icon-image\" alt=\"C\u00e1psulas compatibles\"><\/span> <h4> C\u00e0psules compatibles <\/h4> <div class=\"descr\">Oferim caf\u00e8 en c\u00e0psules compatibles per a m\u00e0quines Nespresso per a llars i per a cafeteres professionals Espresso.<\/div><\/li><li class=\"col-lg-3 col-md-4 col-sm-6 col-ms-6 col-xs-12 matchHeight icon-image\"><span class=\"icon-image bg-transparent\"><img src=\"https:\/\/www.coffeebrun.promoalarmas.com\/wp-content\/uploads\/2017\/09\/about-icon-4.png\" class=\"icon-image\" alt=\"Entrega en 24\/48h\"><\/span> <h4> Lliurament a 24\/48h <\/h4> <div class=\"descr\">Realitzem lliuraments en 24 o 48h depenent de l&#039;hora que es va fer la comanda i la zona de lliurament.<\/div><\/li><\/ul><\/div><\/div><\/div><\/div><\/section><div class=\"vc_row-full-width vc_clearfix\"><\/div>","protected":false},"excerpt":{"rendered":"Coffee BrunNuestra filosof\u00eda Nuestro objetivo es ofrecer un producto de alta calidad a un precio competitivo sin dejar de lado nuestro respeto por el medio ambiente. Nuestros productos son ecol\u00f3gicos 100% y las c\u00e1psulas son biodegradables y compostables. El caf\u00e9 que utilizamos no utiliza ning\u00fan ingrediente gen\u00e9ticamente modificado y se puede conservar en un lugar [...]","protected":false},"author":1,"featured_media":0,"parent":0,"menu_order":0,"comment_status":"closed","ping_status":"closed","template":"","meta":[],"_links":{"self":[{"href":"https:\/\/www.coffeebrun.promoalarmas.com\/ca\/wp-json\/wp\/v2\/pages\/2258"}],"collection":[{"href":"https:\/\/www.coffeebrun.promoalarmas.com\/ca\/wp-json\/wp\/v2\/pages"}],"about":[{"href":"https:\/\/www.coffeebrun.promoalarmas.com\/ca\/wp-json\/wp\/v2\/types\/page"}],"author":[{"embeddable":true,"href":"https:\/\/www.coffeebrun.promoalarmas.com\/ca\/wp-json\/wp\/v2\/users\/1"}],"replies":[{"embeddable":true,"href":"https:\/\/www.coffeebrun.promoalarmas.com\/ca\/wp-json\/wp\/v2\/comments?post=2258"}],"version-history":[{"count":12,"href":"https:\/\/www.coffeebrun.promoalarmas.com\/ca\/wp-json\/wp\/v2\/pages\/2258\/revisions"}],"predecessor-version":[{"id":3318,"href":"https:\/\/www.coffeebrun.promoalarmas.com\/ca\/wp-json\/wp\/v2\/pages\/2258\/revisions\/3318"}],"wp:attachment":[{"href":"https:\/\/www.coffeebrun.promoalarmas.com\/ca\/wp-json\/wp\/v2\/media?parent=2258"}],"curies":[{"name":"wp","href":"https:\/\/api.w.org\/{rel}","templated":true}]}}